{"id":294,"date":"2024-03-20T06:57:45","date_gmt":"2024-03-20T06:57:45","guid":{"rendered":"http:\/\/192.168.0.134:10121\/?page_id=294"},"modified":"2024-07-15T06:40:36","modified_gmt":"2024-07-15T04:40:36","slug":"kontakt","status":"publish","type":"page","link":"https:\/\/viktoria-international.de\/ru\/kontakt\/","title":{"rendered":"Kontakt"},"content":{"rendered":"<div data-elementor-type=\"wp-page\" data-elementor-id=\"294\" class=\"elementor elementor-294\">\n\t\t\t\t\r\n\t\t<div class=\"default no-position show_shadow rs-sticky-default elementor-element elementor-element-c456d87 e-flex e-con-boxed e-con e-parent\" data-id=\"c456d87\" data-element_type=\"container\">\n\t\t\t\t\t<div class=\"e-con-inner\">\n\t\t\r\n\t\t<div class=\"default no-position show_shadow rs-sticky-default elementor-element elementor-element-bd941ba e-con-full e-flex e-con e-child\" data-id=\"bd941ba\" data-element_type=\"container\">\n\t\t\r\n\t\t\t\t<div class=\"elementor-element elementor-element-e7434be elementor-widget elementor-widget-rs-heading\" data-id=\"e7434be\" data-element_type=\"widget\" data-widget_type=\"rs-heading.default\">\n\t\t\t\t<div class=\"elementor-widget-container\">\n\t\t\t\n\t\t<div class=\"prelements-heading default  left\">\n\t\t\t<div class=\"title-inner\">\n\t\t\t\t<h2 class=\"title rs-split-text-enable split-in-fade\">Hast du Fragen? Meld dich bei uns!<\/h2>\n\t\t\t<\/div>\n\t\t\t\t\t\t\t<div class=\"description\">\n\t\t\t\t\t<p>Gerne beantworten wir dir jede m\u00f6gliche Frage. <br \/>Egal ob es um einen neuen Job geht oder du einfach erstmal Beratung brauchst.<\/p><p><strong>Kontaktiere uns, f\u00fcr schnelle Unterst\u00fctzung:<\/strong><\/p>\t\t\t\t<\/div>\n\t\t\t\t\t<\/div>\n\t\t<\/div>\n\t\t\t\t<\/div>\n\t\t\r\n\t\t\t\t<div class=\"elementor-element elementor-element-39f815e elementor-widget elementor-widget-rs-contact-box\" data-id=\"39f815e\" data-element_type=\"widget\" data-widget_type=\"rs-contact-box.default\">\n\t\t\t\t<div class=\"elementor-widget-container\">\n\t\t\t\t\t\r\n\t\t\r\n\r\n\t\t<!-- Style 1 Start -->\r\n\t\t<div class=\"rs-contact-box\">\r\n\r\n\t\t\t\t\t\t<div class=\"address-item boxstyle1\">\r\n\r\n\t\t\t\t\t\t\t            <div class=\"address-icon icon_1 elementor-repeater-item-2a8d181\">\r\n\t\t            \t\t\t\t\t\t\t \t\t\t\t\t\t \t<span>\r\n\t\t\t\t\t\t\t\t\t            \t\t<img decoding=\"async\" src=\"https:\/\/demo.rstheme.com\/wordpress\/axios\/wp-content\/uploads\/2024\/03\/f-con-icon1-1.png\" alt=\"Contact Title\" \/>\r\n\t\t\t\t\t\t\t\t\t\t\t\t\t \t<\/span>\r\n\t\t\t\t\t\t\t \t\t            \t\t\t            <\/div>\r\n\t\t            \r\n\t\t            <div class=\"address-text\">\r\n\t\t            \t\t\t            \t<div class=\"text\">\r\n\t\t            \t\t\t\t\t\t\t\t\t\t\t\t\t\t\t\t\t\t\t\t\t\t\t\t\t\t\t<span class=\"des\">\r\n\t\t\t\t\t\t\t\t\t\tWittenberger Stra\u00dfe. 78, 12689 Berlin\t\t\t\t\t\t\t\t\t<\/span>\r\n\t\t\t\t\t\t\t\t\t\t\t\t\t\t\t\t\t\t\t\t\t            <\/div>\r\n\t\t\t       \t\t\t\t\t\t\t\t   \r\n\t\t            \t\t\t\t\t\t\t   \r\n\r\n\t\t            \t\t\t\t\t\t\t   \r\n\t\t            <\/div>\r\n\t\t\t\t\t<span class=\"des-right-icon\"><\/span>\r\n\t\t        <\/div>\r\n\t\t\t\t\t\t\t<div class=\"address-item boxstyle1\">\r\n\r\n\t\t\t\t\t\t\t            <div class=\"address-icon icon_2 elementor-repeater-item-d394158\">\r\n\t\t            \t\t\t\t\t\t\t \t\t\t\t\t\t \t<span>\r\n\t\t\t\t\t\t\t\t\t            \t\t<img decoding=\"async\" src=\"https:\/\/demo.rstheme.com\/wordpress\/axios\/wp-content\/uploads\/2024\/03\/f-con-icon2-1.png\" alt=\"Contact Title\" \/>\r\n\t\t\t\t\t\t\t\t\t\t\t\t\t \t<\/span>\r\n\t\t\t\t\t\t\t \t\t            \t\t\t            <\/div>\r\n\t\t            \r\n\t\t            <div class=\"address-text\">\r\n\t\t            \t\t\t            \t<div class=\"text\">\r\n\t\t            \t\t\t\t\t\t\t\t\t\t\t\t\t\t\t\t\t<a href=\"tel: 880155-69569\" >\r\n\t\t\t\t\t\t\t\t\t\t\t\t\t\t\t\t\t\t\t\t\t\t\t\t\t\t\t<span class=\"des\">\r\n\t\t\t\t\t\t\t\t\t\t(030) 339 54 365\t\t\t\t\t\t\t\t\t<\/span>\r\n\t\t\t\t\t\t\t\t\t\t\t\t\t\t\t\t\t\t\t\t\t\t\t\t\t\t<\/a>\r\n\t\t\t\t\t\t\t\t\t\t            <\/div>\r\n\t\t\t       \t\t\t\t\t\t\t\t   \r\n\t\t            \t\t\t\t\t\t\t   \r\n\r\n\t\t            \t\t\t\t\t\t\t   \r\n\t\t            <\/div>\r\n\t\t\t\t\t<span class=\"des-right-icon\"><\/span>\r\n\t\t        <\/div>\r\n\t\t\t\t\t\t\t<div class=\"address-item boxstyle1\">\r\n\r\n\t\t\t\t\t\t\t            <div class=\"address-icon icon_3 elementor-repeater-item-95a430d\">\r\n\t\t            \t\t\t\t\t\t\t \t\t\t\t\t\t \t<span>\r\n\t\t\t\t\t\t\t\t\t            \t\t<img decoding=\"async\" src=\"https:\/\/demo.rstheme.com\/wordpress\/axios\/wp-content\/uploads\/2024\/03\/f-con-icon3-1.png\" alt=\"Contact Title\" \/>\r\n\t\t\t\t\t\t\t\t\t\t\t\t\t \t<\/span>\r\n\t\t\t\t\t\t\t \t\t            \t\t\t            <\/div>\r\n\t\t            \r\n\t\t            <div class=\"address-text\">\r\n\t\t            \t\t\t\t\t\t\t   \r\n\t\t            \t\t\t\t\t\t\t   \r\n\r\n\t\t            \t\t\t\t            \t<div class=\"email\">\r\n\t\t\t            \t\t\t\t\t\t                <a href=\"mailto:kontakt@viktoria-international.de\">kontakt@viktoria-international.de<\/a>\r\n\t\t\t\t            <\/div>\r\n\t\t\t       \t\t\t\t\t\t\t\t   \r\n\t\t            <\/div>\r\n\t\t\t\t\t<span class=\"des-right-icon\"><\/span>\r\n\t\t        <\/div>\r\n\t\t\t\t\t\t\t<div class=\"address-item boxstyle1\">\r\n\r\n\t\t\t\t\t\t\t            <div class=\"address-icon icon_4 elementor-repeater-item-1709d92\">\r\n\t\t            \t\t\t\t\t\t\t \t\t\t\t\t\t \t<span>\r\n\t\t\t\t\t\t\t\t\t            \t\t<img decoding=\"async\" src=\"https:\/\/demo.rstheme.com\/wordpress\/axios\/wp-content\/uploads\/2024\/03\/f-con-icon4-1.png\" alt=\"Contact Title\" \/>\r\n\t\t\t\t\t\t\t\t\t\t\t\t\t \t<\/span>\r\n\t\t\t\t\t\t\t \t\t            \t\t\t            <\/div>\r\n\t\t            \r\n\t\t            <div class=\"address-text\">\r\n\t\t            \t\t\t            \t<div class=\"text\">\r\n\t\t            \t\t\t\t\t\t\t\t\t\t\t\t\t\t\t\t\t<a href=\"mailto:support@rstheme.com\" >\r\n\t\t\t\t\t\t\t\t\t\t\t\t\t\t\t\t\t\t\t\t\t\t\t\t\t\t\t<span class=\"des\">\r\n\t\t\t\t\t\t\t\t\t\t10:00 - 17:00 UHR\t\t\t\t\t\t\t\t\t<\/span>\r\n\t\t\t\t\t\t\t\t\t\t\t\t\t\t\t\t\t\t\t\t\t\t\t\t\t\t<\/a>\r\n\t\t\t\t\t\t\t\t\t\t            <\/div>\r\n\t\t\t       \t\t\t\t\t\t\t\t   \r\n\t\t            \t\t\t\t\t\t\t   \r\n\r\n\t\t            \t\t\t\t\t\t\t   \r\n\t\t            <\/div>\r\n\t\t\t\t\t<span class=\"des-right-icon\"><\/span>\r\n\t\t        <\/div>\r\n\t\t\t\t\t<\/div>\r\n\r\n\t<!-- Style 1 End -->\t\r\n\t\t\r\n\t\t\t<\/div>\n\t\t\t\t<\/div>\n\t\t\t\t<\/div>\n\t\t\r\n\t\t<div class=\"default no-position show_shadow rs-sticky-default elementor-element elementor-element-8f6e89c e-con-full e-flex e-con e-child\" data-id=\"8f6e89c\" data-element_type=\"container\" data-settings=\"{&quot;background_background&quot;:&quot;classic&quot;}\">\n\t\t\r\n\t\t\t\t<div class=\"elementor-element elementor-element-125f5bf elementor-widget elementor-widget-rs-heading\" data-id=\"125f5bf\" data-element_type=\"widget\" data-widget_type=\"rs-heading.default\">\n\t\t\t\t<div class=\"elementor-widget-container\">\n\t\t\t\n\t\t<div class=\"prelements-heading default\">\n\t\t\t<div class=\"title-inner\">\n\t\t\t\t<h3 class=\"title rs-split-text-disable\">Kontakt aufnehmen:<\/h3>\n\t\t\t<\/div>\n\t\t\t\t\t<\/div>\n\t\t<\/div>\n\t\t\t\t<\/div>\n\t\t\r\n\t\t\t\t<div class=\"elementor-element elementor-element-77d3c1d elementor-widget elementor-widget-rs-cf7\" data-id=\"77d3c1d\" data-element_type=\"widget\" data-widget_type=\"rs-cf7.default\">\n\t\t\t\t<div class=\"elementor-widget-container\">\n\t\t\t\n<div class=\"wpcf7 no-js\" id=\"wpcf7-f1365-o1\" lang=\"en-US\" dir=\"ltr\">\n<div class=\"screen-reader-response\"><p role=\"status\" aria-live=\"polite\" aria-atomic=\"true\"><\/p> <ul><\/ul><\/div>\n<form action=\"\/ru\/wp-json\/wp\/v2\/pages\/294#wpcf7-f1365-o1\" method=\"post\" class=\"wpcf7-form init\" aria-label=\"Contact form\" novalidate=\"novalidate\" data-status=\"init\" data-trp-original-action=\"\/ru\/wp-json\/wp\/v2\/pages\/294#wpcf7-f1365-o1\">\n<div style=\"display: none;\">\n<input type=\"hidden\" name=\"_wpcf7\" value=\"1365\" \/>\n<input type=\"hidden\" name=\"_wpcf7_version\" value=\"5.9.3\" \/>\n<input type=\"hidden\" name=\"_wpcf7_locale\" value=\"en_US\" \/>\n<input type=\"hidden\" name=\"_wpcf7_unit_tag\" value=\"wpcf7-f1365-o1\" \/>\n<input type=\"hidden\" name=\"_wpcf7_container_post\" value=\"0\" \/>\n<input type=\"hidden\" name=\"_wpcf7_posted_data_hash\" value=\"\" \/>\n<\/div>\n<div class=\"row\">\n\t<div class=\"col-md-6\">\n\t\t<p><span class=\"wpcf7-form-control-wrap\" data-name=\"your-name\"><input size=\"40\" class=\"wpcf7-form-control wpcf7-text wpcf7-validates-as-required\" aria-required=\"true\" aria-invalid=\"false\" placeholder=\"\u0418\u043c\u044f\" value=\"\" type=\"text\" name=\"your-name\" \/><\/span>\n\t\t<\/p>\n\t<\/div>\n\t<div class=\"col-md-6\">\n\t\t<p><span class=\"wpcf7-form-control-wrap\" data-name=\"your-email\"><input size=\"40\" class=\"wpcf7-form-control wpcf7-email wpcf7-validates-as-required wpcf7-text wpcf7-validates-as-email\" aria-required=\"true\" aria-invalid=\"false\" placeholder=\"\u042d\u043b\u0435\u043a\u0442\u0440\u043e\u043d\u043d\u0430\u044f \u043f\u043e\u0447\u0442\u0430\" value=\"\" type=\"email\" name=\"your-email\" \/><\/span>\n\t\t<\/p>\n\t<\/div>\n\t<div class=\"col-md-6\">\n\t\t<p><span class=\"wpcf7-form-control-wrap\" data-name=\"phone-number\"><input size=\"40\" class=\"wpcf7-form-control wpcf7-text wpcf7-validates-as-required\" aria-required=\"true\" aria-invalid=\"false\" placeholder=\"\u041d\u043e\u043c\u0435\u0440 \u0442\u0435\u043b\u0435\u0444\u043e\u043d\u0430\" value=\"\" type=\"text\" name=\"phone-number\" \/><\/span>\n\t\t<\/p>\n\t<\/div>\n\t<div class=\"col-md-6\">\n\t\t<p><span class=\"wpcf7-form-control-wrap\" data-name=\"your-website\"><input size=\"40\" class=\"wpcf7-form-control wpcf7-text wpcf7-validates-as-required\" aria-required=\"true\" aria-invalid=\"false\" placeholder=\"\u0412\u0430\u0448 \u0432\u043e\u0437\u0440\u0430\u0441\u0442\" value=\"\" type=\"text\" name=\"your-website\" \/><\/span>\n\t\t<\/p>\n\t<\/div>\n\t<div class=\"col-md-12\">\n\t\t<p><span class=\"wpcf7-form-control-wrap\" data-name=\"your-message\"><textarea cols=\"40\" rows=\"10\" class=\"wpcf7-form-control wpcf7-textarea\" aria-invalid=\"false\" placeholder=\"\u041d\u0430\u043f\u0438\u0448\u0438\u0442\u0435 \u0437\u0434\u0435\u0441\u044c \u0432\u0430\u0448\u0435 \u0441\u043e\u043e\u0431\u0449\u0435\u043d\u0438\u0435!\" name=\"your-message\"><\/textarea><\/span>\n\t\t<\/p>\n\t<\/div>\n\t<p><input class=\"wpcf7-form-control wpcf7-submit has-spinner submit\" id=\"submit\" type=\"submit\" value=\"\u041e\u0442\u043f\u0440\u0430\u0432\u0438\u0442\u044c \u0441\u0435\u0439\u0447\u0430\u0441\" \/>\n\t<\/p>\n<\/div><div class=\"wpcf7-response-output\" aria-hidden=\"true\"><\/div>\n<input type=\"hidden\" name=\"trp-form-language\" value=\"ru\"\/><\/form>\n<\/div>\n            \n            <style type=\"text\/css\">\n                body .wpcf7-form-control:not(.wpcf7-submit){\n                    -webkit-border-before: 1px solid #1E2A37 !important;\n                    -webkit-border-after: 1px solid #1E2A37 !important;\n                    -webkit-border-start: 1px solid #1E2A37 !important;\n                    -webkit-border-end: 1px solid #1E2A37 !important;\n                }           \n            <\/style>\n            \t\t<\/div>\n\t\t\t\t<\/div>\n\t\t\t\t<\/div>\n\t\t\t\t\t<\/div>\n\t\t\t\t<\/div>\n\t\t\r\n\t\t<div class=\"default no-position show_shadow rs-sticky-default elementor-element elementor-element-d1aba05 e-con-full e-flex e-con e-parent\" data-id=\"d1aba05\" data-element_type=\"container\">\n\t\t\r\n\t\t\t\t<div class=\"elementor-element elementor-element-d81b90f elementor-widget elementor-widget-google_maps\" data-id=\"d81b90f\" data-element_type=\"widget\" data-widget_type=\"google_maps.default\">\n\t\t\t\t<div class=\"elementor-widget-container\">\n\t\t\t<style>\/*! elementor - v3.21.0 - 18-04-2024 *\/\n.elementor-widget-google_maps .elementor-widget-container{overflow:hidden}.elementor-widget-google_maps .elementor-custom-embed{line-height:0}.elementor-widget-google_maps iframe{height:300px}<\/style>\t\t<div class=\"elementor-custom-embed\">\n\t\t\t<iframe loading=\"lazy\"\n\t\t\t\t\tsrc=\"https:\/\/maps.google.com\/maps?q=Wittenberger%20Str.%2078%2C%2012689%20Berlin&#038;t=m&#038;z=10&#038;output=embed&#038;iwloc=near\"\n\t\t\t\t\ttitle=\"Wittenberger Str. 78, 12689 Berlin\"\n\t\t\t\t\taria-label=\"Wittenberger Str. 78, 12689 Berlin\"\n\t\t\t><\/iframe>\n\t\t<\/div>\n\t\t\t\t<\/div>\n\t\t\t\t<\/div>\n\t\t\t\t<\/div>\n\t\t\t\t<\/div>","protected":false},"excerpt":{"rendered":"<p>Hast du Fragen? Meld dich bei uns! Gerne beantworten wir dir jede m\u00f6gliche Frage. Egal ob es um einen neuen Job geht oder du einfach erstmal Beratung brauchst. Kontaktiere uns, f\u00fcr schnelle Unterst\u00fctzung: Wittenberger Stra\u00dfe. 78, 12689 Berlin (030) 339 54 365 kontakt@viktoria-international.de 10:00 &#8211; 17:00 UHR Kontakt aufnehmen:<\/p>","protected":false},"author":1,"featured_media":0,"parent":0,"menu_order":0,"comment_status":"closed","ping_status":"closed","template":"elementor_header_footer","meta":{"_monsterinsights_skip_tracking":false,"_monsterinsights_sitenote_active":false,"_monsterinsights_sitenote_note":"","_monsterinsights_sitenote_category":0,"footnotes":""},"class_list":["post-294","page","type-page","status-publish","hentry"],"aioseo_notices":[],"_links":{"self":[{"href":"https:\/\/viktoria-international.de\/ru\/wp-json\/wp\/v2\/pages\/294","targetHints":{"allow":["GET"]}}],"collection":[{"href":"https:\/\/viktoria-international.de\/ru\/wp-json\/wp\/v2\/pages"}],"about":[{"href":"https:\/\/viktoria-international.de\/ru\/wp-json\/wp\/v2\/types\/page"}],"author":[{"embeddable":true,"href":"https:\/\/viktoria-international.de\/ru\/wp-json\/wp\/v2\/users\/1"}],"replies":[{"embeddable":true,"href":"https:\/\/viktoria-international.de\/ru\/wp-json\/wp\/v2\/comments?post=294"}],"version-history":[{"count":53,"href":"https:\/\/viktoria-international.de\/ru\/wp-json\/wp\/v2\/pages\/294\/revisions"}],"predecessor-version":[{"id":11740,"href":"https:\/\/viktoria-international.de\/ru\/wp-json\/wp\/v2\/pages\/294\/revisions\/11740"}],"wp:attachment":[{"href":"https:\/\/viktoria-international.de\/ru\/wp-json\/wp\/v2\/media?parent=294"}],"curies":[{"name":"wp","href":"https:\/\/api.w.org\/{rel}","templated":true}]}}