{"id":11817,"date":"2024-07-15T07:51:20","date_gmt":"2024-07-15T05:51:20","guid":{"rendered":"https:\/\/viktoria-international.de\/?page_id=11817"},"modified":"2024-08-21T10:41:11","modified_gmt":"2024-08-21T08:41:11","slug":"impressum","status":"publish","type":"page","link":"https:\/\/viktoria-international.de\/ru\/impressum\/","title":{"rendered":"Impressum"},"content":{"rendered":"<div data-elementor-type=\"wp-page\" data-elementor-id=\"11817\" class=\"elementor elementor-11817\">\n\t\t\t\t\r\n\t\t<div class=\"default no-position show_shadow rs-sticky-default elementor-element elementor-element-fdbdd35 e-con-full e-flex e-con e-parent\" data-id=\"fdbdd35\" data-element_type=\"container\">\n\t\t\r\n\t\t\t\t<div class=\"elementor-element elementor-element-4af6ec9 elementor-widget-mobile__width-inherit elementor-widget elementor-widget-text-editor\" data-id=\"4af6ec9\" data-element_type=\"widget\" data-widget_type=\"text-editor.default\">\n\t\t\t\t<div class=\"elementor-widget-container\">\n\t\t\t<style>\/*! elementor - v3.21.0 - 18-04-2024 *\/\n.elementor-widget-text-editor.elementor-drop-cap-view-stacked .elementor-drop-cap{background-color:#69727d;color:#fff}.elementor-widget-text-editor.elementor-drop-cap-view-framed .elementor-drop-cap{color:#69727d;border:3px solid;background-color:transparent}.elementor-widget-text-editor:not(.elementor-drop-cap-view-default) .elementor-drop-cap{margin-top:8px}.elementor-widget-text-editor:not(.elementor-drop-cap-view-default) .elementor-drop-cap-letter{width:1em;height:1em}.elementor-widget-text-editor .elementor-drop-cap{float:left;text-align:center;line-height:1;font-size:50px}.elementor-widget-text-editor .elementor-drop-cap-letter{display:inline-block}<\/style>\t\t\t\t<h2>Impressum<\/h2><p><b>Viktoria Bildung International, Ihre Zukunft in unseren H\u00e4nden GmbH<br \/><\/b>Wittenberger Str. 78<br \/>12689 Berlin<\/p><p>Handelsregister: HRB 259259 B<br \/>Registergericht: Amtsgericht Charlottenburg<\/p><h6><strong>Gesch\u00e4ftsf\u00fchrerin:<\/strong><\/h6><p>\u0412\u0438\u043a\u0442\u043e\u0440\u0438\u044f M\u0435\u043d\u0433<\/p><h4>Kontakt<\/h4><p>Telefon: 030 339 54 365<br \/>E-Mail: info@viktoria-international.de<\/p><h4>Umsatzsteuer-ID<\/h4><p>Umsatzsteuer-Identifikationsnummer gem\u00e4\u00df \u00a7 27 a Umsatzsteuergesetz: 37\/571\/52826\u00a0<\/p><h4>EU-Streitschlichtung<\/h4><p>Die Europ\u00e4ische Kommission stellt eine Plattform zur Online-Streitbeilegung (OS) bereit:\u00a0<a href=\"https:\/\/ec.europa.eu\/consumers\/odr\/\" target=\"_blank\" rel=\"noopener noreferrer\">https:\/\/ec.europa.eu\/consumers\/odr\/<\/a>.<br \/>Unsere E-Mail-Adresse finden Sie oben im Impressum.<\/p><h4>Verbraucher\u00adstreit\u00adbeilegung\/Universal\u00adschlichtungs\u00adstelle<\/h4><p>Wir sind nicht bereit oder verpflichtet, an Streitbeilegungsverfahren vor einer Verbraucherschlichtungsstelle teilzunehmen.<\/p>\t\t\t\t\t\t<\/div>\n\t\t\t\t<\/div>\n\t\t\t\t<\/div>\n\t\t\t\t<\/div>","protected":false},"excerpt":{"rendered":"<p>Impressum Viktoria Bildung International, Ihre Zukunft in unseren H\u00e4nden GmbHWittenberger Str. 7812689 Berlin Handelsregister: HRB 259259 BRegistergericht: Amtsgericht Charlottenburg Gesch\u00e4ftsf\u00fchrerin: Viktoria Meng Kontakt Telefon: 030 339 54 365E-Mail: info@viktoria-international.de Umsatzsteuer-ID Umsatzsteuer-Identifikationsnummer gem\u00e4\u00df \u00a7 27 a Umsatzsteuergesetz: 37\/571\/52826\u00a0 EU-Streitschlichtung Die Europ\u00e4ische Kommission stellt eine Plattform zur Online-Streitbeilegung (OS) bereit:\u00a0https:\/\/ec.europa.eu\/consumers\/odr\/.Unsere E-Mail-Adresse finden Sie oben im Impressum. Verbraucher\u00adstreit\u00adbeilegung\/Universal\u00adschlichtungs\u00adstelle&#8230;<\/p>","protected":false},"author":1,"featured_media":0,"parent":0,"menu_order":0,"comment_status":"closed","ping_status":"closed","template":"","meta":{"_monsterinsights_skip_tracking":false,"_monsterinsights_sitenote_active":false,"_monsterinsights_sitenote_note":"","_monsterinsights_sitenote_category":0,"footnotes":""},"class_list":["post-11817","page","type-page","status-publish","hentry"],"aioseo_notices":[],"_links":{"self":[{"href":"https:\/\/viktoria-international.de\/ru\/wp-json\/wp\/v2\/pages\/11817","targetHints":{"allow":["GET"]}}],"collection":[{"href":"https:\/\/viktoria-international.de\/ru\/wp-json\/wp\/v2\/pages"}],"about":[{"href":"https:\/\/viktoria-international.de\/ru\/wp-json\/wp\/v2\/types\/page"}],"author":[{"embeddable":true,"href":"https:\/\/viktoria-international.de\/ru\/wp-json\/wp\/v2\/users\/1"}],"replies":[{"embeddable":true,"href":"https:\/\/viktoria-international.de\/ru\/wp-json\/wp\/v2\/comments?post=11817"}],"version-history":[{"count":16,"href":"https:\/\/viktoria-international.de\/ru\/wp-json\/wp\/v2\/pages\/11817\/revisions"}],"predecessor-version":[{"id":11915,"href":"https:\/\/viktoria-international.de\/ru\/wp-json\/wp\/v2\/pages\/11817\/revisions\/11915"}],"wp:attachment":[{"href":"https:\/\/viktoria-international.de\/ru\/wp-json\/wp\/v2\/media?parent=11817"}],"curies":[{"name":"wp","href":"https:\/\/api.w.org\/{rel}","templated":true}]}}